{"id":704,"date":"2019-05-16T15:18:59","date_gmt":"2019-05-16T15:18:59","guid":{"rendered":"http:\/\/www.lepetitarchive.com\/?page_id=704"},"modified":"2019-12-19T12:13:18","modified_gmt":"2019-12-19T11:13:18","slug":"about","status":"publish","type":"page","link":"http:\/\/www.lepetitarchive.com\/es\/about\/","title":{"rendered":"About"},"content":{"rendered":"\n<p style=\"text-align:center\"><img loading=\"lazy\" decoding=\"async\" width=\"180\" height=\"240\" class=\"wp-image-3140\" style=\"width: 150px;\" src=\"http:\/\/www.lepetitarchive.com\/es\/wp-content\/uploads\/sites\/2\/2019\/07\/web.jpg\" alt=\"\"><\/p>\n\n\n\n<p style=\"text-align:center\">Lepetit Archive, nace en Instagram en enero de 2019, ante la necesidad de ofrecer al p\u00fablico un contenido sobre moda que utilice todo su potencial informativo, y no solo como una herramienta de escaparate y exposici\u00f3n.<\/p>\n\n\n\n<p style=\"text-align:center\"><br> Esta plataforma comenz\u00f3 contando en sus posts, la historia que hay detr\u00e1s de las prendas m\u00e1s ic\u00f3nicas dentro del mundo de la moda, uniendo diferentes puntos, como el dise\u00f1o gr\u00e1fico, la m\u00fasica o la pintura. <br> Gracias a stories, se gener\u00f3 un nivel de conversaci\u00f3n elevado, en el que comenzamos a hacer todo tipo de recomendaciones para que la audiencia pudiera nutrirse, y seguir aumentando su nivel de conocimiento. En ellos hablamos de pel\u00edculas, documentales, podcast o cuentas de Instagram que son realmente interesantes, todo con un punto de uni\u00f3n en com\u00fan, Fashion. <br> El gran \u00e9xito que ha tenido este proyecto, se debe en parte, al nivel de participaci\u00f3n y comunidad activa que se ha originado desde el principio. Con preguntas constantes hacia el p\u00fablico, y colaboraciones a la hora de redactar posts con otras cuentas con las mismas inquietudes. <\/p>\n\n\n\n<p style=\"text-align:center\" class=\"has-text-color has-very-dark-gray-color\"><br><strong> Lepetit Archive es una Universidad y una Familia.<\/strong><\/p>\n\n\n\n<p style=\"color:#0000ff;text-align:center\" class=\"has-text-color\">hello@lepetitarchive.com<\/p>\n","protected":false},"excerpt":{"rendered":"<p>Lepetit Archive, nace en Instagram en enero de 2019, ante la necesidad de ofrecer al p\u00fablico un contenido sobre moda que utilice todo su potencial informativo, y no solo como una herramienta de escaparate y exposici\u00f3n. Esta plataforma comenz\u00f3 contando en sus posts, la historia que hay detr\u00e1s de las prendas m\u00e1s ic\u00f3nicas dentro del [&hellip;]<\/p>\n","protected":false},"author":1,"featured_media":0,"parent":0,"menu_order":0,"comment_status":"closed","ping_status":"closed","template":"","meta":{"footnotes":""},"yoast_head":"<!-- This site is optimized with the Yoast SEO plugin v21.9.1 - https:\/\/yoast.com\/wordpress\/plugins\/seo\/ -->\n<title>About - Le Petit Archive<\/title>\n<meta name=\"robots\" content=\"index, follow, max-snippet:-1, max-image-preview:large, max-video-preview:-1\" \/>\n<link rel=\"canonical\" href=\"https:\/\/www.lepetitarchive.com\/es\/about\/\" \/>\n<meta property=\"og:locale\" content=\"es_ES\" \/>\n<meta property=\"og:type\" content=\"article\" \/>\n<meta property=\"og:title\" content=\"About - Le Petit Archive\" \/>\n<meta property=\"og:description\" content=\"Lepetit Archive, nace en Instagram en enero de 2019, ante la necesidad de ofrecer al p\u00fablico un contenido sobre moda que utilice todo su potencial informativo, y no solo como una herramienta de escaparate y exposici\u00f3n. Esta plataforma comenz\u00f3 contando en sus posts, la historia que hay detr\u00e1s de las prendas m\u00e1s ic\u00f3nicas dentro del [&hellip;]\" \/>\n<meta property=\"og:url\" content=\"https:\/\/www.lepetitarchive.com\/es\/about\/\" \/>\n<meta property=\"og:site_name\" content=\"Le Petit Archive\" \/>\n<meta property=\"article:modified_time\" content=\"2019-12-19T11:13:18+00:00\" \/>\n<meta property=\"og:image\" content=\"http:\/\/www.lepetitarchive.com\/es\/wp-content\/uploads\/sites\/2\/2019\/07\/web.jpg\" \/>\n<meta name=\"twitter:card\" content=\"summary_large_image\" \/>\n<meta name=\"twitter:label1\" content=\"Tiempo de lectura\" \/>\n\t<meta name=\"twitter:data1\" content=\"1 minuto\" \/>\n<script type=\"application\/ld+json\" class=\"yoast-schema-graph\">{\"@context\":\"https:\/\/schema.org\",\"@graph\":[{\"@type\":\"WebPage\",\"@id\":\"https:\/\/www.lepetitarchive.com\/es\/about\/\",\"url\":\"https:\/\/www.lepetitarchive.com\/es\/about\/\",\"name\":\"About - Le Petit Archive\",\"isPartOf\":{\"@id\":\"https:\/\/www.lepetitarchive.com\/es\/#website\"},\"datePublished\":\"2019-05-16T15:18:59+00:00\",\"dateModified\":\"2019-12-19T11:13:18+00:00\",\"breadcrumb\":{\"@id\":\"https:\/\/www.lepetitarchive.com\/es\/about\/#breadcrumb\"},\"inLanguage\":\"es\",\"potentialAction\":[{\"@type\":\"ReadAction\",\"target\":[\"https:\/\/www.lepetitarchive.com\/es\/about\/\"]}]},{\"@type\":\"BreadcrumbList\",\"@id\":\"https:\/\/www.lepetitarchive.com\/es\/about\/#breadcrumb\",\"itemListElement\":[{\"@type\":\"ListItem\",\"position\":1,\"name\":\"Home\",\"item\":\"https:\/\/www.lepetitarchive.com\/es\/\"},{\"@type\":\"ListItem\",\"position\":2,\"name\":\"About\"}]},{\"@type\":\"WebSite\",\"@id\":\"https:\/\/www.lepetitarchive.com\/es\/#website\",\"url\":\"https:\/\/www.lepetitarchive.com\/es\/\",\"name\":\"Le Petit Archive\",\"description\":\"Free Fashion University\",\"potentialAction\":[{\"@type\":\"SearchAction\",\"target\":{\"@type\":\"EntryPoint\",\"urlTemplate\":\"https:\/\/www.lepetitarchive.com\/es\/?s={search_term_string}\"},\"query-input\":\"required name=search_term_string\"}],\"inLanguage\":\"es\"}]}<\/script>\n<!-- \/ Yoast SEO plugin. -->","yoast_head_json":{"title":"About - Le Petit Archive","robots":{"index":"index","follow":"follow","max-snippet":"max-snippet:-1","max-image-preview":"max-image-preview:large","max-video-preview":"max-video-preview:-1"},"canonical":"https:\/\/www.lepetitarchive.com\/es\/about\/","og_locale":"es_ES","og_type":"article","og_title":"About - Le Petit Archive","og_description":"Lepetit Archive, nace en Instagram en enero de 2019, ante la necesidad de ofrecer al p\u00fablico un contenido sobre moda que utilice todo su potencial informativo, y no solo como una herramienta de escaparate y exposici\u00f3n. Esta plataforma comenz\u00f3 contando en sus posts, la historia que hay detr\u00e1s de las prendas m\u00e1s ic\u00f3nicas dentro del [&hellip;]","og_url":"https:\/\/www.lepetitarchive.com\/es\/about\/","og_site_name":"Le Petit Archive","article_modified_time":"2019-12-19T11:13:18+00:00","og_image":[{"url":"http:\/\/www.lepetitarchive.com\/es\/wp-content\/uploads\/sites\/2\/2019\/07\/web.jpg"}],"twitter_card":"summary_large_image","twitter_misc":{"Tiempo de lectura":"1 minuto"},"schema":{"@context":"https:\/\/schema.org","@graph":[{"@type":"WebPage","@id":"https:\/\/www.lepetitarchive.com\/es\/about\/","url":"https:\/\/www.lepetitarchive.com\/es\/about\/","name":"About - Le Petit Archive","isPartOf":{"@id":"https:\/\/www.lepetitarchive.com\/es\/#website"},"datePublished":"2019-05-16T15:18:59+00:00","dateModified":"2019-12-19T11:13:18+00:00","breadcrumb":{"@id":"https:\/\/www.lepetitarchive.com\/es\/about\/#breadcrumb"},"inLanguage":"es","potentialAction":[{"@type":"ReadAction","target":["https:\/\/www.lepetitarchive.com\/es\/about\/"]}]},{"@type":"BreadcrumbList","@id":"https:\/\/www.lepetitarchive.com\/es\/about\/#breadcrumb","itemListElement":[{"@type":"ListItem","position":1,"name":"Home","item":"https:\/\/www.lepetitarchive.com\/es\/"},{"@type":"ListItem","position":2,"name":"About"}]},{"@type":"WebSite","@id":"https:\/\/www.lepetitarchive.com\/es\/#website","url":"https:\/\/www.lepetitarchive.com\/es\/","name":"Le Petit Archive","description":"Free Fashion University","potentialAction":[{"@type":"SearchAction","target":{"@type":"EntryPoint","urlTemplate":"https:\/\/www.lepetitarchive.com\/es\/?s={search_term_string}"},"query-input":"required name=search_term_string"}],"inLanguage":"es"}]}},"_links":{"self":[{"href":"http:\/\/www.lepetitarchive.com\/es\/wp-json\/wp\/v2\/pages\/704"}],"collection":[{"href":"http:\/\/www.lepetitarchive.com\/es\/wp-json\/wp\/v2\/pages"}],"about":[{"href":"http:\/\/www.lepetitarchive.com\/es\/wp-json\/wp\/v2\/types\/page"}],"author":[{"embeddable":true,"href":"http:\/\/www.lepetitarchive.com\/es\/wp-json\/wp\/v2\/users\/1"}],"replies":[{"embeddable":true,"href":"http:\/\/www.lepetitarchive.com\/es\/wp-json\/wp\/v2\/comments?post=704"}],"version-history":[{"count":5,"href":"http:\/\/www.lepetitarchive.com\/es\/wp-json\/wp\/v2\/pages\/704\/revisions"}],"predecessor-version":[{"id":4126,"href":"http:\/\/www.lepetitarchive.com\/es\/wp-json\/wp\/v2\/pages\/704\/revisions\/4126"}],"wp:attachment":[{"href":"http:\/\/www.lepetitarchive.com\/es\/wp-json\/wp\/v2\/media?parent=704"}],"curies":[{"name":"wp","href":"https:\/\/api.w.org\/{rel}","templated":true}]}}